{"id":8,"date":"2026-03-06T12:37:18","date_gmt":"2026-03-06T11:37:18","guid":{"rendered":"https:\/\/lacseb.bplaced.net\/uebungsshop\/warenkorb\/"},"modified":"2026-03-24T08:24:30","modified_gmt":"2026-03-24T07:24:30","slug":"warenkorb","status":"publish","type":"page","link":"https:\/\/lacseb.bplaced.net\/uebungsshop\/warenkorb\/","title":{"rendered":"Warenkorb"},"content":{"rendered":"\n<div data-block-name=\"woocommerce\/cart\" class=\"wp-block-woocommerce-cart alignwide is-loading\">\n<div data-block-name=\"woocommerce\/filled-cart-block\" class=\"wp-block-woocommerce-filled-cart-block\">\n<div data-block-name=\"woocommerce\/cart-items-block\" class=\"wp-block-woocommerce-cart-items-block\">\n<div data-block-name=\"woocommerce\/cart-line-items-block\" class=\"wp-block-woocommerce-cart-line-items-block\"><\/div>\n\n\n<\/div>\n\n\n\n\n<div data-block-name=\"woocommerce\/cart-totals-block\" class=\"wp-block-woocommerce-cart-totals-block\">\n<div data-block-name=\"woocommerce\/cart-order-summary-block\" class=\"wp-block-woocommerce-cart-order-summary-block\">\n<div data-block-name=\"woocommerce\/cart-order-summary-heading-block\" class=\"wp-block-woocommerce-cart-order-summary-heading-block\"><\/div><div data-block-name=\"woocommerce\/cart-order-summary-coupon-form-block\" class=\"wp-block-woocommerce-cart-order-summary-coupon-form-block\"><\/div><div data-block-name=\"woocommerce\/cart-order-summary-totals-block\" class=\"wp-block-woocommerce-cart-order-summary-totals-block\">\n<div data-block-name=\"woocommerce\/cart-order-summary-subtotal-block\" class=\"wp-block-woocommerce-cart-order-summary-subtotal-block\"><\/div>\n<div data-block-name=\"woocommerce\/cart-order-summary-discount-block\" class=\"wp-block-woocommerce-cart-order-summary-discount-block\"><\/div>\n<div data-block-name=\"woocommerce\/cart-order-summary-fee-block\" class=\"wp-block-woocommerce-cart-order-summary-fee-block\"><\/div>\n<div data-block-name=\"woocommerce\/cart-order-summary-shipping-block\" class=\"wp-block-woocommerce-cart-order-summary-shipping-block\"><\/div>\n<div data-block-name=\"woocommerce\/cart-order-summary-taxes-block\" class=\"wp-block-woocommerce-cart-order-summary-taxes-block\"><\/div><\/div>\n<\/div>\n\n\n\n<div data-block-name=\"woocommerce\/cart-express-payment-block\" class=\"wp-block-woocommerce-cart-express-payment-block\"><\/div>\n\n\n\n<div data-block-name=\"woocommerce\/proceed-to-checkout-block\" class=\"wp-block-woocommerce-proceed-to-checkout-block\"><\/div>\n\n\n\n<div data-block-name=\"woocommerce\/cart-accepted-payment-methods-block\" class=\"wp-block-woocommerce-cart-accepted-payment-methods-block\"><\/div>\n<\/div>\n<\/div>\n\n\n\n<div data-block-name=\"woocommerce\/empty-cart-block\" class=\"wp-block-woocommerce-empty-cart-block\">\n<h2 class=\"wp-block-heading has-text-align-center with-empty-cart-icon wc-block-cart__empty-cart__title\">Dein Warenkorb ist gerade leer!<\/h2>\n\n\n\n<hr class=\"wp-block-separator has-alpha-channel-opacity is-style-dots\"\/>\n\n\n\n<h2 class=\"wp-block-heading has-text-align-center\">Neu im Shop<\/h2>\n\n\n<div data-block-name=\"woocommerce\/product-new\" data-columns=\"4\" data-rows=\"1\" class=\"wc-block-grid wp-block-product-new wp-block-woocommerce-product-new wc-block-product-new has-4-columns\"><ul class=\"wc-block-grid__products\"><li class=\"wc-block-grid__product\">\n\t\t\t\t<a href=\"https:\/\/lacseb.bplaced.net\/uebungsshop\/produkt\/denimfy-hoodie-damen-regular-fit\/\" class=\"wc-block-grid__product-link\">\n\t\t\t\t\t\n\t\t\t\t\t<div class=\"wc-block-grid__product-image\"><img loading=\"lazy\" decoding=\"async\" width=\"300\" height=\"300\" src=\"https:\/\/lacseb.bplaced.net\/uebungsshop\/wp-content\/uploads\/2026\/04\/Bild_2026-04-21_090302833-300x300.png\" class=\"attachment-woocommerce_thumbnail size-woocommerce_thumbnail\" alt=\"DENIMFY Hoodie Damen Regular Fit\" srcset=\"https:\/\/lacseb.bplaced.net\/uebungsshop\/wp-content\/uploads\/2026\/04\/Bild_2026-04-21_090302833-300x300.png 300w, https:\/\/lacseb.bplaced.net\/uebungsshop\/wp-content\/uploads\/2026\/04\/Bild_2026-04-21_090302833-150x150.png 150w, https:\/\/lacseb.bplaced.net\/uebungsshop\/wp-content\/uploads\/2026\/04\/Bild_2026-04-21_090302833-100x100.png 100w\" sizes=\"auto, (max-width: 300px) 100vw, 300px\" \/><\/div>\n\t\t\t\t\t<div class=\"wc-block-grid__product-title\">DENIMFY Hoodie Damen Regular Fit<\/div>\n\t\t\t\t<\/a>\n\t\t\t\t<div class=\"wc-block-grid__product-price price\"><span class=\"woocommerce-Price-amount amount\"><span class=\"woocommerce-Price-currencySymbol\">&euro;<\/span>&nbsp;28,19<\/span> <small class=\"woocommerce-price-suffix\">inkl. USt<\/small><\/div>\n\t\t\t\t\n\t\t\t\t<div class=\"wp-block-button wc-block-grid__product-add-to-cart\"><a href=\"https:\/\/www.amazon.de\/DENIMFY-Kapuzenpullover-Sweatshirt-Streetwear-Cross-Over\/dp\/B0DK72FG2P\/ref=sr_1_6?__mk_de_DE=\u00c5M\u00c5\u017d\u00d5\u00d1&#038;crid=3KXPYNSVM9H2X&#038;dib=eyJ2IjoiMSJ9.LIENgfCh2i9Jpwe3vtSoRlqvgob-Rp-E0YtCFktrbgTWtXY-wp6MH2RoDkDWMCKgPIpe7JCc-uDfTMqLH6Epv99lo1ST9q6II4qjOcO-_1m44OhHbezYclYEeTeR4dKVfU8ze1YgCU9SPBiq5tCgl46BdR8gSNBIlFv9-xvd4iTRcbXz0TermqDWhQjKTl1NfgQT61v47VrwrXynq6vLl4xRQo7JmpGJVIHdyU5QLDcnYoFGBhWLF0W5qTSbYmhyA1364JPIIoHENRT9NXme3NEcjVnDgUB62fDJ0sS5F94.TnUEvnVA44_jAywEYy__zQL1lh2aUW_Su1ytKGG1_ho&#038;dib_tag=se&#038;keywords=hoodie%2Bdamen&#038;qid=1776754584&#038;sprefix=hoodie%2Bdamen%2Caps%2C157&#038;sr=8-6&#038;th=1&#038;psc=1\" aria-label=\"Produkt bei Amayon kaufen\" data-quantity=\"1\" data-product_id=\"128\" data-product_sku=\"EX0001\" data-price=\"28.19\" rel=\"nofollow\" class=\"wp-block-button__link wp-element-button add_to_cart_button\">Produkt bei Amayon kaufen<\/a><\/div>\n\t\t\t<\/li><li class=\"wc-block-grid__product\">\n\t\t\t\t<a href=\"https:\/\/lacseb.bplaced.net\/uebungsshop\/produkt\/logo-bekleidungsset-fuer-damen\/\" class=\"wc-block-grid__product-link\">\n\t\t\t\t\t<div class=\"wc-block-grid__product-onsale\">\n\t\t\t<span aria-hidden=\"true\">Angebot<\/span>\n\t\t\t<span class=\"screen-reader-text\">Produkt im Angebot<\/span>\n\t\t<\/div>\n\t\t\t\t\t<div class=\"wc-block-grid__product-image\"><img loading=\"lazy\" decoding=\"async\" width=\"300\" height=\"300\" src=\"https:\/\/lacseb.bplaced.net\/uebungsshop\/wp-content\/uploads\/2026\/03\/logo-1-300x300.jpg\" class=\"attachment-woocommerce_thumbnail size-woocommerce_thumbnail\" alt=\"Logo-Bekleidungsset f\u00fcr Damen\" srcset=\"https:\/\/lacseb.bplaced.net\/uebungsshop\/wp-content\/uploads\/2026\/03\/logo-1-300x300.jpg 300w, https:\/\/lacseb.bplaced.net\/uebungsshop\/wp-content\/uploads\/2026\/03\/logo-1-150x150.jpg 150w, https:\/\/lacseb.bplaced.net\/uebungsshop\/wp-content\/uploads\/2026\/03\/logo-1-768x767.jpg 768w, https:\/\/lacseb.bplaced.net\/uebungsshop\/wp-content\/uploads\/2026\/03\/logo-1-600x599.jpg 600w, https:\/\/lacseb.bplaced.net\/uebungsshop\/wp-content\/uploads\/2026\/03\/logo-1-100x100.jpg 100w, https:\/\/lacseb.bplaced.net\/uebungsshop\/wp-content\/uploads\/2026\/03\/logo-1.jpg 800w\" sizes=\"auto, (max-width: 300px) 100vw, 300px\" \/><\/div>\n\t\t\t\t\t<div class=\"wc-block-grid__product-title\">Logo-Bekleidungsset f\u00fcr Damen<\/div>\n\t\t\t\t<\/a>\n\t\t\t\t<div class=\"wc-block-grid__product-price price\"><span class=\"woocommerce-Price-amount amount\" aria-hidden=\"true\"><span class=\"woocommerce-Price-currencySymbol\">&euro;<\/span>&nbsp;18,00<\/span> <span aria-hidden=\"true\"> \u2013 <\/span> <span class=\"woocommerce-Price-amount amount\" aria-hidden=\"true\"><span class=\"woocommerce-Price-currencySymbol\">&euro;<\/span>&nbsp;45,00<\/span><span class=\"screen-reader-text\">Preisspanne: &euro;&nbsp;18,00 bis &euro;&nbsp;45,00<\/span> <small class=\"woocommerce-price-suffix\">inkl. USt<\/small><\/div>\n\t\t\t\t\n\t\t\t\t<div class=\"wp-block-button wc-block-grid__product-add-to-cart\"><a href=\"https:\/\/lacseb.bplaced.net\/uebungsshop\/produkt\/logo-bekleidungsset-fuer-damen\/\" aria-label=\"Zeige Produkte in der \u201eLogo-Bekleidungsset f\u00fcr Damen\u201c Gruppe\" data-quantity=\"1\" data-product_id=\"127\" data-product_sku=\"SET0021\" data-price=\"18\" rel=\"nofollow\" class=\"wp-block-button__link wp-element-button add_to_cart_button\">Produkte anzeigen<\/a><\/div>\n\t\t\t<\/li><li class=\"wc-block-grid__product\">\n\t\t\t\t<a href=\"https:\/\/lacseb.bplaced.net\/uebungsshop\/produkt\/tischgedichte\/\" class=\"wc-block-grid__product-link\">\n\t\t\t\t\t\n\t\t\t\t\t<div class=\"wc-block-grid__product-image\"><img loading=\"lazy\" decoding=\"async\" width=\"300\" height=\"300\" src=\"https:\/\/lacseb.bplaced.net\/uebungsshop\/wp-content\/uploads\/woocommerce-placeholder.webp\" class=\"attachment-woocommerce_thumbnail size-woocommerce_thumbnail\" alt=\"Tischgedichte\" srcset=\"\" sizes=\"auto, (max-width: 300px) 100vw, 300px\" \/><\/div>\n\t\t\t\t\t<div class=\"wc-block-grid__product-title\">Tischgedichte<\/div>\n\t\t\t\t<\/a>\n\t\t\t\t<div class=\"wc-block-grid__product-price price\"><span class=\"woocommerce-Price-amount amount\"><span class=\"woocommerce-Price-currencySymbol\">&euro;<\/span>&nbsp;14,99<\/span> <small class=\"woocommerce-price-suffix\">inkl. USt<\/small><\/div>\n\t\t\t\t\n\t\t\t\t<div class=\"wp-block-button wc-block-grid__product-add-to-cart\"><a href=\"\/uebungsshop\/wp-json\/wp\/v2\/pages\/8?add-to-cart=124\" aria-label=\"In den Warenkorb legen: \u201eTischgedichte\u201c\" data-quantity=\"1\" data-product_id=\"124\" data-product_sku=\"H30022\" data-price=\"14.99\" rel=\"nofollow\" class=\"wp-block-button__link wp-element-button add_to_cart_button ajax_add_to_cart\">In den Warenkorb<\/a><\/div>\n\t\t\t<\/li><li class=\"wc-block-grid__product\">\n\t\t\t\t<a href=\"https:\/\/lacseb.bplaced.net\/uebungsshop\/produkt\/superstar-album\/\" class=\"wc-block-grid__product-link\">\n\t\t\t\t\t\n\t\t\t\t\t<div class=\"wc-block-grid__product-image\"><img loading=\"lazy\" decoding=\"async\" width=\"300\" height=\"300\" src=\"https:\/\/lacseb.bplaced.net\/uebungsshop\/wp-content\/uploads\/2026\/03\/album-1-300x300.jpg\" class=\"attachment-woocommerce_thumbnail size-woocommerce_thumbnail\" alt=\"Superstar-Album\" srcset=\"https:\/\/lacseb.bplaced.net\/uebungsshop\/wp-content\/uploads\/2026\/03\/album-1-300x300.jpg 300w, https:\/\/lacseb.bplaced.net\/uebungsshop\/wp-content\/uploads\/2026\/03\/album-1-150x150.jpg 150w, https:\/\/lacseb.bplaced.net\/uebungsshop\/wp-content\/uploads\/2026\/03\/album-1-768x768.jpg 768w, https:\/\/lacseb.bplaced.net\/uebungsshop\/wp-content\/uploads\/2026\/03\/album-1-600x600.jpg 600w, https:\/\/lacseb.bplaced.net\/uebungsshop\/wp-content\/uploads\/2026\/03\/album-1-100x100.jpg 100w, https:\/\/lacseb.bplaced.net\/uebungsshop\/wp-content\/uploads\/2026\/03\/album-1.jpg 800w\" sizes=\"auto, (max-width: 300px) 100vw, 300px\" \/><\/div>\n\t\t\t\t\t<div class=\"wc-block-grid__product-title\">Superstar-Album<\/div>\n\t\t\t\t<\/a>\n\t\t\t\t<div class=\"wc-block-grid__product-price price\"><span class=\"woocommerce-Price-amount amount\"><span class=\"woocommerce-Price-currencySymbol\">&euro;<\/span>&nbsp;16,99<\/span> <small class=\"woocommerce-price-suffix\">inkl. USt<\/small><\/div>\n\t\t\t\t\n\t\t\t\t<div class=\"wp-block-button wc-block-grid__product-add-to-cart\"><a href=\"\/uebungsshop\/wp-json\/wp\/v2\/pages\/8?add-to-cart=123\" aria-label=\"In den Warenkorb legen: \u201eSuperstar-Album\u201c\" data-quantity=\"1\" data-product_id=\"123\" data-product_sku=\"H30021\" data-price=\"16.99\" rel=\"nofollow\" class=\"wp-block-button__link wp-element-button add_to_cart_button ajax_add_to_cart\">In den Warenkorb<\/a><\/div>\n\t\t\t<\/li><\/ul><\/div><\/div>\n<\/div>\n","protected":false},"excerpt":{"rendered":"","protected":false},"author":1,"featured_media":0,"parent":0,"menu_order":0,"comment_status":"closed","ping_status":"closed","template":"","meta":{"footnotes":""},"class_list":["post-8","page","type-page","status-publish","hentry"],"_links":{"self":[{"href":"https:\/\/lacseb.bplaced.net\/uebungsshop\/wp-json\/wp\/v2\/pages\/8","targetHints":{"allow":["GET"]}}],"collection":[{"href":"https:\/\/lacseb.bplaced.net\/uebungsshop\/wp-json\/wp\/v2\/pages"}],"about":[{"href":"https:\/\/lacseb.bplaced.net\/uebungsshop\/wp-json\/wp\/v2\/types\/page"}],"author":[{"embeddable":true,"href":"https:\/\/lacseb.bplaced.net\/uebungsshop\/wp-json\/wp\/v2\/users\/1"}],"replies":[{"embeddable":true,"href":"https:\/\/lacseb.bplaced.net\/uebungsshop\/wp-json\/wp\/v2\/comments?post=8"}],"version-history":[{"count":1,"href":"https:\/\/lacseb.bplaced.net\/uebungsshop\/wp-json\/wp\/v2\/pages\/8\/revisions"}],"predecessor-version":[{"id":12,"href":"https:\/\/lacseb.bplaced.net\/uebungsshop\/wp-json\/wp\/v2\/pages\/8\/revisions\/12"}],"wp:attachment":[{"href":"https:\/\/lacseb.bplaced.net\/uebungsshop\/wp-json\/wp\/v2\/media?parent=8"}],"curies":[{"name":"wp","href":"https:\/\/api.w.org\/{rel}","templated":true}]}}