{"id":84,"date":"2026-03-10T08:49:46","date_gmt":"2026-03-10T07:49:46","guid":{"rendered":"https:\/\/lacseb.bplaced.net\/uebungsshop\/?page_id=84"},"modified":"2026-03-10T08:49:46","modified_gmt":"2026-03-10T07:49:46","slug":"dubrovnik-2","status":"publish","type":"page","link":"https:\/\/lacseb.bplaced.net\/uebungsshop\/dubrovnik-2\/","title":{"rendered":"Dubrovnik 2"},"content":{"rendered":"\n<p>Erleben Sie Dubrovnik &#8211; die s\u00fcdkroatische Hafenstadt<\/p>\n\n\n\n<p>Bei einem Kroatien Urlaub in S\u00fcddalmatien darf ein Besuch in Dubrovnik &#8211; auch als &#8222;Perle der Adria&#8220; bezeichnet &#8211; nicht fehlen. Die malerische Stadt, welche zum Weltkulturerbe der UNESCO geh\u00f6rt, erwartet ihre Besucher mit verwinkelten Gassen mit verschlungenen, romantischen Treppen, imposanten Sakralbauen und kulinarischen Gen\u00fcssen der s\u00fcddalmatinischen K\u00fcche. Ein tollen \u00dcberblick \u00fcber die Kulturmetropole verschaffen Sie sich am besten beim Spaziergang \u00fcber die fast zwei Kilometer lange Stadtmauer. Und auch einen Besuch im alten Stadthafen im \u00f6stlichen Teil von Dubrovniks Altstadt ist unbedingt sehenswert. Dubrovnik eignet sich \u00fcbrigens perfekt f\u00fcr eine Kombination aus Strandurlaub in Kroatien mit Kunst, Kultur und Historie! Eine gro\u00dfe Auswahl an Hotels in Dubrovnik erm\u00f6glicht Ihnen so Traumurlaub mit einer Prise kroatischem Dolce Vita.<\/p>\n","protected":false},"excerpt":{"rendered":"<p>Erleben Sie Dubrovnik &#8211; die s\u00fcdkroatische Hafenstadt Bei einem Kroatien Urlaub in S\u00fcddalmatien darf ein Besuch in Dubrovnik &#8211; auch als &#8222;Perle der Adria&#8220; bezeichnet &#8211; nicht fehlen. Die malerische Stadt, welche zum Weltkulturerbe der UNESCO geh\u00f6rt, erwartet ihre Besucher mit verwinkelten Gassen mit verschlungenen, romantischen Treppen, imposanten Sakralbauen und kulinarischen Gen\u00fcssen der s\u00fcddalmatinischen K\u00fcche. [&hellip;]<\/p>\n","protected":false},"author":2,"featured_media":82,"parent":0,"menu_order":0,"comment_status":"closed","ping_status":"closed","template":"","meta":{"footnotes":""},"class_list":["post-84","page","type-page","status-publish","has-post-thumbnail","hentry"],"_links":{"self":[{"href":"https:\/\/lacseb.bplaced.net\/uebungsshop\/wp-json\/wp\/v2\/pages\/84","targetHints":{"allow":["GET"]}}],"collection":[{"href":"https:\/\/lacseb.bplaced.net\/uebungsshop\/wp-json\/wp\/v2\/pages"}],"about":[{"href":"https:\/\/lacseb.bplaced.net\/uebungsshop\/wp-json\/wp\/v2\/types\/page"}],"author":[{"embeddable":true,"href":"https:\/\/lacseb.bplaced.net\/uebungsshop\/wp-json\/wp\/v2\/users\/2"}],"replies":[{"embeddable":true,"href":"https:\/\/lacseb.bplaced.net\/uebungsshop\/wp-json\/wp\/v2\/comments?post=84"}],"version-history":[{"count":1,"href":"https:\/\/lacseb.bplaced.net\/uebungsshop\/wp-json\/wp\/v2\/pages\/84\/revisions"}],"predecessor-version":[{"id":85,"href":"https:\/\/lacseb.bplaced.net\/uebungsshop\/wp-json\/wp\/v2\/pages\/84\/revisions\/85"}],"wp:featuredmedia":[{"embeddable":true,"href":"https:\/\/lacseb.bplaced.net\/uebungsshop\/wp-json\/wp\/v2\/media\/82"}],"wp:attachment":[{"href":"https:\/\/lacseb.bplaced.net\/uebungsshop\/wp-json\/wp\/v2\/media?parent=84"}],"curies":[{"name":"wp","href":"https:\/\/api.w.org\/{rel}","templated":true}]}}