{"id":127,"date":"2026-04-21T08:53:41","date_gmt":"2026-04-21T06:53:41","guid":{"rendered":"https:\/\/lacseb.bplaced.net\/uebungsshop\/?post_type=product&#038;p=127"},"modified":"2026-04-21T08:53:41","modified_gmt":"2026-04-21T06:53:41","slug":"logo-bekleidungsset-fuer-damen","status":"publish","type":"product","link":"https:\/\/lacseb.bplaced.net\/uebungsshop\/produkt\/logo-bekleidungsset-fuer-damen\/","title":{"rendered":"Logo-Bekleidungsset f\u00fcr Damen"},"content":{"rendered":"<p>Logo 3-teiliges Bekleidungsset f\u00fcr Damen: 1 * Hoodie, 1 * T-Shirt, 1 * Beanie<\/p>\n<p>Dieses Set eignet sich f\u00fcr den Alltag, Sport, Yoga und andere Arten von Aktivit\u00e4ten. Es eignet sich nicht nur f\u00fcr verschiedene Events, sondern erf\u00fcllt auch die Bed\u00fcrfnisse der Menschen zu verschiedenen Jahreszeiten.<\/p>\n<p>Waschtipps: Maschinenwaschgang bei 30 Grad mit einem milden Reinigungsmittel.<br \/>\nBei niedriger Temperatur trocknen oder zum Trocknen aufh\u00e4ngen.<\/p>\n","protected":false},"excerpt":{"rendered":"<p>3-teiliges Bekleidungsset f\u00fcr Damen mit Logo.<\/p>\n","protected":false},"featured_media":75,"comment_status":"open","ping_status":"closed","template":"","meta":[],"product_brand":[32],"product_cat":[39,57,54],"product_tag":[94,93],"class_list":{"0":"post-127","1":"product","2":"type-product","3":"status-publish","4":"has-post-thumbnail","6":"product_brand-catro","7":"product_cat-damen","8":"product_cat-hoodies","9":"product_cat-t-shirts","10":"product_tag-100-baumwolle","11":"product_tag-set","13":"first","14":"instock","15":"sale","16":"taxable","17":"shipping-taxable","18":"product-type-grouped"},"_links":{"self":[{"href":"https:\/\/lacseb.bplaced.net\/uebungsshop\/wp-json\/wp\/v2\/product\/127","targetHints":{"allow":["GET"]}}],"collection":[{"href":"https:\/\/lacseb.bplaced.net\/uebungsshop\/wp-json\/wp\/v2\/product"}],"about":[{"href":"https:\/\/lacseb.bplaced.net\/uebungsshop\/wp-json\/wp\/v2\/types\/product"}],"replies":[{"embeddable":true,"href":"https:\/\/lacseb.bplaced.net\/uebungsshop\/wp-json\/wp\/v2\/comments?post=127"}],"wp:featuredmedia":[{"embeddable":true,"href":"https:\/\/lacseb.bplaced.net\/uebungsshop\/wp-json\/wp\/v2\/media\/75"}],"wp:attachment":[{"href":"https:\/\/lacseb.bplaced.net\/uebungsshop\/wp-json\/wp\/v2\/media?parent=127"}],"wp:term":[{"taxonomy":"product_brand","embeddable":true,"href":"https:\/\/lacseb.bplaced.net\/uebungsshop\/wp-json\/wp\/v2\/product_brand?post=127"},{"taxonomy":"product_cat","embeddable":true,"href":"https:\/\/lacseb.bplaced.net\/uebungsshop\/wp-json\/wp\/v2\/product_cat?post=127"},{"taxonomy":"product_tag","embeddable":true,"href":"https:\/\/lacseb.bplaced.net\/uebungsshop\/wp-json\/wp\/v2\/product_tag?post=127"}],"curies":[{"name":"wp","href":"https:\/\/api.w.org\/{rel}","templated":true}]}}